{"id":992,"date":"2016-09-29T16:58:10","date_gmt":"2016-09-29T16:58:10","guid":{"rendered":"https:\/\/www.aeim.org\/?page_id=992"},"modified":"2024-08-12T10:22:23","modified_gmt":"2024-08-12T10:22:23","slug":"dimensiones-y-clasificacion-madera-de-frondosa-de-norteamerica","status":"publish","type":"page","link":"https:\/\/www.aeim.org\/index.php\/la-madera-informacion-basica\/dimensiones-y-clasificacion-madera-de-frondosa-de-norteamerica\/","title":{"rendered":"Dimensiones y clasificaci\u00f3n: madera de frondosas de Norteam\u00e9rica"},"content":{"rendered":"<div class=\"fusion-fullwidth fullwidth-box fusion-builder-row-1 fusion-flex-container hundred-percent-fullwidth non-hundred-percent-height-scrolling\" style=\"--awb-border-radius-top-left:0px;--awb-border-radius-top-right:0px;--awb-border-radius-bottom-right:0px;--awb-border-radius-bottom-left:0px;--awb-overflow:visible;--awb-flex-wrap:wrap;\" ><div class=\"fusion-builder-row fusion-row fusion-flex-align-items-flex-start fusion-flex-content-wrap\" style=\"width:calc( 100% + 0px ) !important;max-width:calc( 100% + 0px ) !important;margin-left: calc(-0px \/ 2 );margin-right: calc(-0px \/ 2 );\"><div class=\"fusion-layout-column fusion_builder_column fusion-builder-column-0 fusion_builder_column_1_1 1_1 fusion-flex-column fusion-flex-align-self-flex-start fusion-column-no-min-height\" style=\"--awb-bg-size:cover;--awb-width-large:100%;--awb-margin-top-large:0px;--awb-spacing-right-large:0px;--awb-margin-bottom-large:0px;--awb-spacing-left-large:0px;--awb-width-medium:100%;--awb-spacing-right-medium:0px;--awb-spacing-left-medium:0px;--awb-width-small:100%;--awb-spacing-right-small:0px;--awb-spacing-left-small:0px;\"><div class=\"fusion-column-wrapper fusion-flex-justify-content-flex-start fusion-content-layout-column\"><div class=\"fusion-title title fusion-title-1 fusion-title-center fusion-title-text fusion-title-size-two\" style=\"--awb-margin-top-small:10px;--awb-margin-right-small:0px;--awb-margin-bottom-small:10px;--awb-margin-left-small:0px;\"><div class=\"title-sep-container title-sep-container-left\"><div class=\"title-sep sep-single sep-solid\" style=\"border-color:var(--awb-color2);\"><\/div><\/div><span class=\"awb-title-spacer\"><\/span><h2 class=\"fusion-title-heading title-heading-center fusion-responsive-typography-calculated\" style=\"margin:0;--fontSize:48;line-height:1.12;\">MADERA DE FRONDOSAS DE NORTEAM\u00c9RICA<\/h2><span class=\"awb-title-spacer\"><\/span><div class=\"title-sep-container title-sep-container-right\"><div class=\"title-sep sep-single sep-solid\" style=\"border-color:var(--awb-color2);\"><\/div><\/div><\/div>\n<h2>Medici\u00f3n de las maderas de frondosas de Norteam\u00e9rica<\/h2>\n<p><strong>Medida de superficie (MS)<\/strong><\/p>\n<p>La superficie de una pieza se expresa en pies cuadrados. Para calcular el \u00e1rea de la superficie se multiplicar\u00e1 el ancho de la pieza en pulgadas con las fracciones correspondientes por su longitud en pies, el resultado se dividir\u00e1 por 12 y se redondear\u00e1 al n\u00famero entero m\u00e1s cercano.<\/p>\n<p>Ejemplos de c\u00e1lculo para medir la superficie:<\/p>\n<p style=\"padding-left: 30px;\">6\u00bd\u2033 X 8\u2032 + 12 = 4\u00b9\/ \u00b3 = 4 MS<\/p>\n<p style=\"padding-left: 30px;\">8\u2033 X 12\u2032+ 12 = 8 MS<\/p>\n<p style=\"padding-left: 30px;\">10\u2033 X 13\u2032 + 12 = 10 \u00b9\u00ba\/\u00b9\u00b2 = 11 MS<\/p>\n<p>La mayor\u00eda de las reglas modernas para medir piezas (reglas con escalas para medir maderas), ya tienen en cuenta este redondeo. La regla est\u00e1 graduada de medio pie en medio pie y por lo tanto todas las piezas que entran dentro de un intervalo se identificar\u00e1n con un n\u00famero entero.<\/p>\n<p><strong>Pie Tablar<\/strong><\/p>\n<p>Un Pie Tablar es la unidad de medida para la madera. Sus medidas son: un pie de largo por un pie de ancho y por una pulgada de grueso o su equivalente.<\/p>\n<p>La f\u00f3rmula para determinar estas unidades en una pieza, es la siguiente:<\/p>\n<p>(Ancho en pulgadas con sus fracciones correspondientes X longitud en pies X grueso en pulgadas) \/ 12 = BF<\/p>\n<p>Ejemplos:<\/p>\n<p>(12\u2033a X 12\u2032 X 1\u2033g) \/ 12 = 12 bd.ft<\/p>\n<p>(6\u2033a X 16\u2032 X \/\u02ddg) \/ 12 = 10 bd.ft<\/p>\n<div class=\"fusion-separator fusion-has-icon fusion-full-width-sep\" style=\"align-self: center;margin-left: auto;margin-right: auto;margin-top:10px;margin-bottom:30px;width:100%;\"><div class=\"fusion-separator-border sep-single sep-solid\" style=\"--awb-height:20px;--awb-amount:20px;border-color:var(--awb-color2);border-top-width:1px;\"><\/div><span class=\"icon-wrapper\" style=\"border-color:transparent;font-size:16px;width: 1.75em; height: 1.75em;border-width:1px;padding:1px;margin-top:-0.5px\"><i class=\" fa fa-leaf\" style=\"font-size: inherit;color:var(--awb-color4);\" aria-hidden=\"true\"><\/i><\/span><div class=\"fusion-separator-border sep-single sep-solid\" style=\"--awb-height:20px;--awb-amount:20px;border-color:var(--awb-color2);border-top-width:1px;\"><\/div><\/div>\n<h2>Clasificaci\u00f3n de las maderas de frondosas de Estados Unidos<\/h2>\n<p>La madera de frondosas de norteamerica puede ser vendida por clases de calidad o por combinaci\u00f3n de clases de calidad, siendo los ejemplos m\u00e1s comunes los siguientes:<\/p>\n<ul>\n<li><strong>FAS<\/strong>: Corresponde a las clases Primera y Segunda.<\/li>\n<li><strong>N\u00ba1, Com\u00fan y mejor<\/strong>: Corresponde a la combinaci\u00f3n de las clases Primera; Segunda y Com\u00fan N\u00ba1.<\/li>\n<li><strong>N\u00ba2A, Com\u00fan y N\u00ba 2B<\/strong>: Son las maderas combinadas de las clases N\u00ba2.<\/li>\n<\/ul>\n<div class=\"fusion-separator fusion-has-icon fusion-full-width-sep\" style=\"align-self: center;margin-left: auto;margin-right: auto;margin-top:10px;margin-bottom:30px;width:100%;\"><div class=\"fusion-separator-border sep-single sep-solid\" style=\"--awb-height:20px;--awb-amount:20px;border-color:var(--awb-color2);border-top-width:1px;\"><\/div><span class=\"icon-wrapper\" style=\"border-color:transparent;font-size:16px;width: 1.75em; height: 1.75em;border-width:1px;padding:1px;margin-top:-0.5px\"><i class=\" fa fa-leaf\" style=\"font-size: inherit;color:var(--awb-color4);\" aria-hidden=\"true\"><\/i><\/span><div class=\"fusion-separator-border sep-single sep-solid\" style=\"--awb-height:20px;--awb-amount:20px;border-color:var(--awb-color2);border-top-width:1px;\"><\/div><\/div>\n<h2>Caracter\u00edsticas generales<\/h2>\n<p>La norma NHLA se basa en determinar las unidades limpias de defectos, a partir de unos tama\u00f1os m\u00ednimos de las piezas que se quieren obtener y establecer el porcentaje de aprovechamiento que tiene la tabla.<\/p>\n<p>Se definen los siguientes conceptos:<\/p>\n<p><strong>Clasificaci\u00f3n por superficies, de corte, limpias<\/strong><\/p>\n<p>Esta clasificaci\u00f3n se basa en determinar qu\u00e9 porcentaje de superficie de la tabla se puede aprovechar, eliminando todos los defectos, mediante cortes longitudinales y transversales, de tal forma \u00a0que las piezas resultantes sean siempre m\u00faltiplos de 1\u00b4 de largo por 1\u00b4\u00b4 de ancho.<\/p>\n<p><strong>Medida de la superficie MS<\/strong><\/p>\n<p>Es el \u00e1rea de superficie de una tabla en pies cuadrados. Su c\u00e1lculo se obtiene, multiplicando el ancho en pulgadas por el largo en pies y dividiendo todo ello por 12, redondeando al n\u00famero entero m\u00e1s pr\u00f3ximo.<\/p>\n<p>As\u00ed, una tabla de 8\u00b4 x 6\u201d x 1\u201d (pie x pulgada x pulgada)\u00a0 tiene la medida de superficie MS=(8&#215;6)\/12=4<\/p>\n<ul>\n<li><strong>Unidades de corte limpios UCL<\/strong> de una tabla: Es el n\u00famero de piezas de 1\u00b4 de largo, por 1\u201d de ancho que tiene sin ning\u00fan defecto admitido para su clase.<\/li>\n<\/ul>\n<ul>\n<li><strong>N\u00famero de cortes NC<\/strong> de una tabla: Es el n\u00famero de piezas que se obtienen limpias de defectos.<\/li>\n<\/ul>\n<ul>\n<li><strong>Rendimiento R<\/strong>: Es la relaci\u00f3n en tanto por ciento, entre las unidades de corte limpias y las unidades de corte totales.<\/li>\n<\/ul>\n<p style=\"padding-left: 30px;\">As\u00ed,\u00a0 sobre la tabla de 8\u00b4 x 6\u201d x 1\u201d (pie x pulgada x pulgada) se aprecian los defectos del esquema. Se aplican los cortes limpios que se indican a trazo discontinuo y se obtienen\u00a0 las siguientes unidades de corte limpios UCL:<\/p>\n<p style=\"padding-left: 30px;\">Por tanto, en esa tabla<br \/>\nMS= 4<br \/>\nUCL=14+16+4=34<br \/>\nNC=3<br \/>\nR=(34\u00b7100)\/48=70,8%<\/p>\n<p>Siguiendo el ejemplo anterior, por el rendimiento se clasificar\u00eda en la clase \u201cCom\u00fan n\u00ba1\u201d, pero esta clase no admitir\u00eda la unidad de corte de 1\u00b4x 4\u201d, por tanto UCL=14+16=30 y R=30\u00b7100\/48=62,5% con lo cual se clasificar\u00eda por rendimiento en la clase \u201cCom\u00fan n\u00ba2\u201d Por n\u00famero de cortes, esta clase admite hasta 7, con lo cual \u00e9sta ser\u00eda su calidad.<\/p>\n<p>Las clases y las especificaciones de cada clase son las siguientes:<\/p>\n<table border=\"1\" width=\"100%\" cellpadding=\"6\">\n<tbody>\n<tr>\n<td style=\"text-align: center;\" width=\"124\"><strong>Clase Defecto<\/strong><\/td>\n<td style=\"text-align: center;\" width=\"132\"><strong>FAS<\/strong><\/td>\n<td style=\"text-align: center;\" width=\"85\"><strong>SELECTA<\/strong><\/td>\n<td style=\"text-align: center;\" width=\"76\"><strong>C. N\u00ba1<\/strong><\/td>\n<td style=\"text-align: center;\" width=\"76\"><strong>C. N\u00ba2<\/strong><\/td>\n<td style=\"text-align: center;\" width=\"82\"><strong>C. N\u00ba3A<\/strong><\/td>\n<td style=\"text-align: center;\" width=\"72\"><strong>C. N\u00ba3B<\/strong><\/td>\n<\/tr>\n<tr>\n<td width=\"124\">Dimensiones<br \/>\n(piesxpulgadas)<\/td>\n<td width=\"132\">6\u201d x 8\u00b4<\/td>\n<td width=\"85\">4\u201d x 6\u00b4<\/td>\n<td colspan=\"4\" width=\"305\">3\u201d x 4\u00b4<\/td>\n<\/tr>\n<tr>\n<td width=\"124\">Nudos (pulgadas)<\/td>\n<td width=\"132\">&lt;MS\/3<\/td>\n<td colspan=\"5\" rowspan=\"3\" width=\"390\"><\/td>\n<\/tr>\n<tr>\n<td width=\"124\">Gema<\/td>\n<td width=\"132\">La mitad del largo<\/td>\n<\/tr>\n<tr>\n<td width=\"124\">Fendas (pulgadas)<\/td>\n<td width=\"132\">MS\u00b72<br \/>\nsepararse 1\u201d\u00a0 por1\u00b4<\/td>\n<\/tr>\n<tr>\n<td width=\"124\">Tama\u00f1o del corte (pulgadasxpie)<\/td>\n<td colspan=\"2\" width=\"217\">4\u201d x 5\u00b4<br \/>\n3\u201d x 7\u00b4<\/td>\n<td width=\"76\">4\u201d x 2\u00b4<br \/>\n3\u201d x 3\u00b4<\/td>\n<td colspan=\"2\" width=\"158\">3\u201d x 2\u00b4<\/td>\n<td width=\"72\">&gt;11\/2\u201d de ancho<\/td>\n<\/tr>\n<tr>\n<td width=\"124\">Rendimiento b\u00e1sico<\/td>\n<td colspan=\"2\" width=\"217\">MSx10<br \/>\n83,3%<\/td>\n<td width=\"76\">MSx8<br \/>\n66,7%<\/td>\n<td width=\"76\">MSx6<br \/>\n50%<\/td>\n<td width=\"82\">MSx4<br \/>\n33,3%<\/td>\n<td width=\"72\">MSx3<br \/>\n25%<\/td>\n<\/tr>\n<tr>\n<td width=\"124\">N\u00ba de cortes<\/td>\n<td colspan=\"2\" width=\"217\">MS\/4<br \/>\nM\u00e1ximo 4*<\/td>\n<td width=\"76\">(MS+1)\/3<br \/>\nM\u00e1ximo 5<\/td>\n<td width=\"76\">MS\/2<br \/>\nM\u00e1ximo 7<\/td>\n<td colspan=\"2\" width=\"154\">Sin l\u00edmite<\/td>\n<\/tr>\n<\/tbody>\n<\/table>\n<p>* <em>Se puede tener un corte extra siempre que el rendimiento b\u00e1sico y la medida de la superficie MS sea mayor.<\/em><br \/>\n* <em>Se admite hasta un 5% de las piezas fuera de grado.<\/em><\/p>\n<p><strong>Es importante tener en cuenta que la albura no se considera defecto de acuerdo a estas normas (NHLA).<\/strong><\/p>\n<p>&nbsp;<\/div><\/div><\/div><\/div>\n","protected":false},"excerpt":{"rendered":"","protected":false},"author":1,"featured_media":0,"parent":918,"menu_order":0,"comment_status":"closed","ping_status":"closed","template":"","meta":{"footnotes":""},"class_list":["post-992","page","type-page","status-publish","hentry"],"_links":{"self":[{"href":"https:\/\/www.aeim.org\/index.php\/wp-json\/wp\/v2\/pages\/992","targetHints":{"allow":["GET"]}}],"collection":[{"href":"https:\/\/www.aeim.org\/index.php\/wp-json\/wp\/v2\/pages"}],"about":[{"href":"https:\/\/www.aeim.org\/index.php\/wp-json\/wp\/v2\/types\/page"}],"author":[{"embeddable":true,"href":"https:\/\/www.aeim.org\/index.php\/wp-json\/wp\/v2\/users\/1"}],"replies":[{"embeddable":true,"href":"https:\/\/www.aeim.org\/index.php\/wp-json\/wp\/v2\/comments?post=992"}],"version-history":[{"count":11,"href":"https:\/\/www.aeim.org\/index.php\/wp-json\/wp\/v2\/pages\/992\/revisions"}],"predecessor-version":[{"id":13078,"href":"https:\/\/www.aeim.org\/index.php\/wp-json\/wp\/v2\/pages\/992\/revisions\/13078"}],"up":[{"embeddable":true,"href":"https:\/\/www.aeim.org\/index.php\/wp-json\/wp\/v2\/pages\/918"}],"wp:attachment":[{"href":"https:\/\/www.aeim.org\/index.php\/wp-json\/wp\/v2\/media?parent=992"}],"curies":[{"name":"wp","href":"https:\/\/api.w.org\/{rel}","templated":true}]}}