{"id":980,"date":"2016-09-29T16:42:10","date_gmt":"2016-09-29T16:42:10","guid":{"rendered":"https:\/\/www.aeim.org\/?page_id=980"},"modified":"2024-08-12T10:22:23","modified_gmt":"2024-08-12T10:22:23","slug":"dimensiones-y-clasificacion-madera-de-pino-amarillo-del-sur","status":"publish","type":"page","link":"https:\/\/www.aeim.org\/index.php\/la-madera-informacion-basica\/dimensiones-y-clasificacion-madera-de-pino-amarillo-del-sur\/","title":{"rendered":"Dimensiones y clasificaci\u00f3n: madera de pino amarillo del sur"},"content":{"rendered":"<div class=\"fusion-fullwidth fullwidth-box fusion-builder-row-1 fusion-flex-container hundred-percent-fullwidth non-hundred-percent-height-scrolling\" style=\"--awb-border-radius-top-left:0px;--awb-border-radius-top-right:0px;--awb-border-radius-bottom-right:0px;--awb-border-radius-bottom-left:0px;--awb-overflow:visible;--awb-flex-wrap:wrap;\" ><div class=\"fusion-builder-row fusion-row fusion-flex-align-items-flex-start fusion-flex-content-wrap\" style=\"width:calc( 100% + 0px ) !important;max-width:calc( 100% + 0px ) !important;margin-left: calc(-0px \/ 2 );margin-right: calc(-0px \/ 2 );\"><div class=\"fusion-layout-column fusion_builder_column fusion-builder-column-0 fusion_builder_column_1_1 1_1 fusion-flex-column fusion-flex-align-self-flex-start fusion-column-no-min-height\" style=\"--awb-bg-size:cover;--awb-width-large:100%;--awb-margin-top-large:0px;--awb-spacing-right-large:0px;--awb-margin-bottom-large:0px;--awb-spacing-left-large:0px;--awb-width-medium:100%;--awb-spacing-right-medium:0px;--awb-spacing-left-medium:0px;--awb-width-small:100%;--awb-spacing-right-small:0px;--awb-spacing-left-small:0px;\"><div class=\"fusion-column-wrapper fusion-flex-justify-content-flex-start fusion-content-layout-column\"><div class=\"fusion-title title fusion-title-1 fusion-title-center fusion-title-text fusion-title-size-two\" style=\"--awb-margin-top-small:10px;--awb-margin-right-small:0px;--awb-margin-bottom-small:10px;--awb-margin-left-small:0px;\"><div class=\"title-sep-container title-sep-container-left\"><div class=\"title-sep sep-single sep-solid\" style=\"border-color:var(--awb-color2);\"><\/div><\/div><span class=\"awb-title-spacer\"><\/span><h2 class=\"fusion-title-heading title-heading-center fusion-responsive-typography-calculated\" style=\"margin:0;--fontSize:48;line-height:1.12;\">MADERA DE PINO AMARILLO DEL SUR<\/h2><span class=\"awb-title-spacer\"><\/span><div class=\"title-sep-container title-sep-container-right\"><div class=\"title-sep sep-single sep-solid\" style=\"border-color:var(--awb-color2);\"><\/div><\/div><\/div>\n<h2>Unidades de medida<\/h2>\n<p>La madera procedente de Norteam\u00e9rica se comercializa en las siguientes unidades anglosajonas:<\/p>\n<ul>\n<li>Volumen: Miles de pies tablares = 2,36 m<sup>3<\/sup><\/li>\n<li>Longitud: Pie = 30,5 cm<\/li>\n<li>Grueso y ancho: Pulgada = 25,4 mm<\/li>\n<\/ul>\n<div class=\"fusion-separator fusion-has-icon fusion-full-width-sep\" style=\"align-self: center;margin-left: auto;margin-right: auto;margin-top:10px;margin-bottom:30px;width:100%;\"><div class=\"fusion-separator-border sep-single sep-solid\" style=\"--awb-height:20px;--awb-amount:20px;border-color:var(--awb-color2);border-top-width:1px;\"><\/div><span class=\"icon-wrapper\" style=\"border-color:transparent;font-size:16px;width: 1.75em; height: 1.75em;border-width:1px;padding:1px;margin-top:-0.5px\"><i class=\" fa fa-leaf\" style=\"font-size: inherit;color:var(--awb-color4);\" aria-hidden=\"true\"><\/i><\/span><div class=\"fusion-separator-border sep-single sep-solid\" style=\"--awb-height:20px;--awb-amount:20px;border-color:var(--awb-color2);border-top-width:1px;\"><\/div><\/div>\n<h2>Clasificaci\u00f3n<\/h2>\n<p style=\"text-align: left; padding-left: 30px;\"><strong>Clase SAPS<\/strong><\/p>\n<p style=\"padding-left: 30px;\">Madera en tabla o tabl\u00f3n con los cantos vivos. Piezas de secci\u00f3n a partir de 7,5 x 2,2 cms y largos de 2, 15 cms o m\u00e1s.<\/p>\n<p style=\"padding-left: 30px;\">El 70% de las piezas est\u00e1n totalmente limpias, libre de coraz\u00f3n o duramen.<\/p>\n<p style=\"padding-left: 30px;\"><strong>Clase PRIME &amp; BETTER<\/strong><\/p>\n<p style=\"padding-left: 30px;\">Madera tabl\u00f3n con los cantos vivos. Piezas de secci\u00f3n a partir de 7,5\u00a0 x 2,2 cms \u00a0y largos de\u00a0 2, 15 cms o m\u00e1s. Aproximadamente, el 70% de las piezas tienen 3 caras limpias.<\/p>\n<p style=\"padding-left: 30px;\"><strong>Clase FLITCHES N\u00ba 1<\/strong><\/p>\n<p style=\"padding-left: 30px;\">Madera en tabla o tabl\u00f3n \u00a0sin cantear y medidas igual que para SAPS.<\/p>\n<p style=\"padding-left: 30px;\">Aproximadamente, el 80% de las piezas est\u00e1n totalmente limpias, libres de coraz\u00f3n o duramen.<\/p>\n<p style=\"padding-left: 30px;\">Tambien existe el n\u00ba 2 para piezas de rechazo.<\/p>\n<p style=\"padding-left: 30px;\"><strong>Clase MERCHANTABLE<\/strong><\/p>\n<p style=\"padding-left: 30px;\">Madera en viga o\u00a0 tabl\u00f3n con los cantos vivos. Piezas de secci\u00f3n a partir de \u00a038 mms y largos de 2, 15 cms o m\u00e1s.<\/p>\n<div class=\"fusion-separator fusion-has-icon fusion-full-width-sep\" style=\"align-self: center;margin-left: auto;margin-right: auto;margin-top:10px;margin-bottom:40px;width:100%;\"><div class=\"fusion-separator-border sep-single sep-solid\" style=\"--awb-height:20px;--awb-amount:20px;border-color:var(--awb-color2);border-top-width:1px;\"><\/div><span class=\"icon-wrapper\" style=\"border-color:transparent;font-size:16px;width: 1.75em; height: 1.75em;border-width:1px;padding:1px;margin-top:-0.5px\"><i class=\" fa fa-leaf\" style=\"font-size: inherit;color:var(--awb-color4);\" aria-hidden=\"true\"><\/i><\/span><div class=\"fusion-separator-border sep-single sep-solid\" style=\"--awb-height:20px;--awb-amount:20px;border-color:var(--awb-color2);border-top-width:1px;\"><\/div><\/div>\n<p>Madera de crecimiento lento, fundamentalmente de coraz\u00f3n, en el que se admiten los siguientes defectos:<\/p>\n<p><strong>Nudos: <\/strong>Se permiten nudos sanos y adherentes siempre que su tama\u00f1o no exceda los siguientes valores:<\/p>\n<table>\n<tbody>\n<tr>\n<td width=\"189\">Ancho tabl\u00f3n (pulgadas*)<\/td>\n<td width=\"43\">6\u201d<\/td>\n<td width=\"52\">8\u201d<\/td>\n<td width=\"47\">10&#8243;<\/td>\n<td width=\"47\">12&#8243;<\/td>\n<td width=\"47\">&gt;12&#8243;<\/td>\n<\/tr>\n<tr>\n<td width=\"189\">Di\u00e1metro nudo (cm)<\/td>\n<td width=\"43\">5,4<\/td>\n<td width=\"52\">6,35<\/td>\n<td width=\"47\">7<\/td>\n<td width=\"47\">8,25<\/td>\n<td width=\"47\">8,9<\/td>\n<\/tr>\n<\/tbody>\n<\/table>\n<p>&nbsp;<\/p>\n<p><strong>Fendas de secado superficiales<\/strong>: \u00a3 0,16mm de grueso y 50cm de longitud<\/p>\n<p><strong>Contenido en resina<\/strong>: No se limita.<\/p>\n<p><strong>Bolsas de resina<\/strong>: No se limita<\/p>\n<p><strong>Gemas<\/strong> Dimensiones \u00a3a\/6 y\u00a0 \u00a3l\/3; No se considera gema si su ancho en la cara es menor a\u00a0 1,6cm.<\/p>\n<p><strong>Madera de compresi\u00f3n, acebolladura, fendas profundas, pudrici\u00f3n<\/strong> no se permiten.<\/p>\n<p>&nbsp;<\/div><\/div><\/div><\/div>\n","protected":false},"excerpt":{"rendered":"","protected":false},"author":1,"featured_media":0,"parent":918,"menu_order":0,"comment_status":"closed","ping_status":"closed","template":"","meta":{"footnotes":""},"class_list":["post-980","page","type-page","status-publish","hentry"],"_links":{"self":[{"href":"https:\/\/www.aeim.org\/index.php\/wp-json\/wp\/v2\/pages\/980","targetHints":{"allow":["GET"]}}],"collection":[{"href":"https:\/\/www.aeim.org\/index.php\/wp-json\/wp\/v2\/pages"}],"about":[{"href":"https:\/\/www.aeim.org\/index.php\/wp-json\/wp\/v2\/types\/page"}],"author":[{"embeddable":true,"href":"https:\/\/www.aeim.org\/index.php\/wp-json\/wp\/v2\/users\/1"}],"replies":[{"embeddable":true,"href":"https:\/\/www.aeim.org\/index.php\/wp-json\/wp\/v2\/comments?post=980"}],"version-history":[{"count":8,"href":"https:\/\/www.aeim.org\/index.php\/wp-json\/wp\/v2\/pages\/980\/revisions"}],"predecessor-version":[{"id":13079,"href":"https:\/\/www.aeim.org\/index.php\/wp-json\/wp\/v2\/pages\/980\/revisions\/13079"}],"up":[{"embeddable":true,"href":"https:\/\/www.aeim.org\/index.php\/wp-json\/wp\/v2\/pages\/918"}],"wp:attachment":[{"href":"https:\/\/www.aeim.org\/index.php\/wp-json\/wp\/v2\/media?parent=980"}],"curies":[{"name":"wp","href":"https:\/\/api.w.org\/{rel}","templated":true}]}}