{"id":968,"date":"2016-09-29T15:57:37","date_gmt":"2016-09-29T15:57:37","guid":{"rendered":"https:\/\/www.aeim.org\/?page_id=968"},"modified":"2024-08-12T10:22:23","modified_gmt":"2024-08-12T10:22:23","slug":"madera-nordica","status":"publish","type":"page","link":"https:\/\/www.aeim.org\/index.php\/la-madera-informacion-basica\/madera-nordica\/","title":{"rendered":"Dimensiones y clasificaci\u00f3n: madera n\u00f3rdica"},"content":{"rendered":"<div class=\"fusion-fullwidth fullwidth-box fusion-builder-row-1 fusion-flex-container hundred-percent-fullwidth non-hundred-percent-height-scrolling\" style=\"--awb-border-radius-top-left:0px;--awb-border-radius-top-right:0px;--awb-border-radius-bottom-right:0px;--awb-border-radius-bottom-left:0px;--awb-overflow:visible;--awb-flex-wrap:wrap;\" ><div class=\"fusion-builder-row fusion-row fusion-flex-align-items-flex-start fusion-flex-content-wrap\" style=\"width:calc( 100% + 0px ) !important;max-width:calc( 100% + 0px ) !important;margin-left: calc(-0px \/ 2 );margin-right: calc(-0px \/ 2 );\"><div class=\"fusion-layout-column fusion_builder_column fusion-builder-column-0 fusion_builder_column_1_1 1_1 fusion-flex-column fusion-flex-align-self-flex-start fusion-column-no-min-height\" style=\"--awb-bg-size:cover;--awb-width-large:100%;--awb-margin-top-large:0px;--awb-spacing-right-large:0px;--awb-margin-bottom-large:0px;--awb-spacing-left-large:0px;--awb-width-medium:100%;--awb-spacing-right-medium:0px;--awb-spacing-left-medium:0px;--awb-width-small:100%;--awb-spacing-right-small:0px;--awb-spacing-left-small:0px;\"><div class=\"fusion-column-wrapper fusion-flex-justify-content-flex-start fusion-content-layout-column\"><div class=\"fusion-title title fusion-title-1 fusion-title-center fusion-title-text fusion-title-size-two\" style=\"--awb-margin-top-small:10px;--awb-margin-right-small:0px;--awb-margin-bottom-small:10px;--awb-margin-left-small:0px;\"><div class=\"title-sep-container title-sep-container-left\"><div class=\"title-sep sep-single sep-solid\" style=\"border-color:var(--awb-color2);\"><\/div><\/div><span class=\"awb-title-spacer\"><\/span><h2 class=\"fusion-title-heading title-heading-center fusion-responsive-typography-calculated\" style=\"margin:0;--fontSize:48;line-height:1.12;\">MADERA N\u00d3RDICA<\/h2><span class=\"awb-title-spacer\"><\/span><div class=\"title-sep-container title-sep-container-right\"><div class=\"title-sep sep-single sep-solid\" style=\"border-color:var(--awb-color2);\"><\/div><\/div><\/div>\n<h2>Dimensiones habituales<\/h2>\n<p>Las dimensiones habituales de la madera en los pa\u00edses n\u00f3rdicos son las siguientes:<\/p>\n<p><strong>Longitudes<\/strong>; 1,8; 2,1; 2,4; 2,7; 3; 3,3; 3,6; 3,9; 4,2; 4,5; 4,8; 5,1; 5,4 y excepcionalmente: \u00a05,7 y 6 m<\/p>\n<div class=\"fusion-table table-1\">\n<table width=\"100%\">\n<thead>\n<tr>\n<th><strong>Grueso\\ Ancho (mm)<\/strong><\/th>\n<th><strong>50<\/strong><\/th>\n<th><strong>75<\/strong><\/th>\n<th>100<\/th>\n<th>125<\/th>\n<th>150<\/th>\n<th>175<\/th>\n<th>200<\/th>\n<th>225<\/th>\n<\/tr>\n<\/thead>\n<tbody>\n<tr>\n<td><strong>16<\/strong><\/td>\n<td style=\"text-align: center;\"><\/td>\n<td style=\"text-align: center;\">X<\/td>\n<td style=\"text-align: center;\">X<\/td>\n<td style=\"text-align: center;\">X<\/td>\n<td style=\"text-align: center;\">X<\/td>\n<td><\/td>\n<td><\/td>\n<td><\/td>\n<\/tr>\n<tr>\n<td><strong>19<\/strong><\/td>\n<td style=\"text-align: center;\">X<\/td>\n<td style=\"text-align: center;\">X<\/td>\n<td style=\"text-align: center;\">X<\/td>\n<td style=\"text-align: center;\">X<\/td>\n<td style=\"text-align: center;\">X<\/td>\n<td><\/td>\n<td><\/td>\n<td><\/td>\n<\/tr>\n<tr>\n<td><strong>22<\/strong><\/td>\n<td style=\"text-align: center;\">X<\/td>\n<td><\/td>\n<td style=\"text-align: center;\">X<\/td>\n<td style=\"text-align: center;\">X<\/td>\n<td style=\"text-align: center;\">X<\/td>\n<td><\/td>\n<td><\/td>\n<td><\/td>\n<\/tr>\n<tr>\n<td><strong>25<\/strong><\/td>\n<td style=\"text-align: center;\">X<\/td>\n<td><\/td>\n<td style=\"text-align: center;\">X<\/td>\n<td style=\"text-align: center;\">X<\/td>\n<td style=\"text-align: center;\">X<\/td>\n<td style=\"text-align: center;\">X<\/td>\n<td><\/td>\n<td><\/td>\n<\/tr>\n<tr>\n<td><strong>32<\/strong><\/td>\n<td><\/td>\n<td><\/td>\n<td style=\"text-align: center;\">X<\/td>\n<td style=\"text-align: center;\">X<\/td>\n<td style=\"text-align: center;\">X<\/td>\n<td><\/td>\n<td><\/td>\n<td><\/td>\n<\/tr>\n<tr>\n<td><strong>38<\/strong><\/td>\n<td style=\"text-align: center;\">X<\/td>\n<td><\/td>\n<td style=\"text-align: center;\">X<\/td>\n<td style=\"text-align: center;\">X<\/td>\n<td style=\"text-align: center;\">X<\/td>\n<td style=\"text-align: center;\">X<\/td>\n<td style=\"text-align: center;\">X<\/td>\n<td style=\"text-align: center;\">X<\/td>\n<\/tr>\n<tr>\n<td><strong>44<\/strong><\/td>\n<td><\/td>\n<td><\/td>\n<td style=\"text-align: center;\">X<\/td>\n<td style=\"text-align: center;\">X<\/td>\n<td style=\"text-align: center;\">X<\/td>\n<td><\/td>\n<td><\/td>\n<td><\/td>\n<\/tr>\n<tr>\n<td><strong>50<\/strong><\/td>\n<td style=\"text-align: center;\">X<\/td>\n<td><\/td>\n<td style=\"text-align: center;\">X<\/td>\n<td style=\"text-align: center;\">X<\/td>\n<td style=\"text-align: center;\">X<\/td>\n<td style=\"text-align: center;\">X<\/td>\n<td style=\"text-align: center;\">X<\/td>\n<td style=\"text-align: center;\">X<\/td>\n<\/tr>\n<tr>\n<td><strong>63<\/strong><\/td>\n<td><\/td>\n<td style=\"text-align: center;\">X<\/td>\n<td style=\"text-align: center;\">X<\/td>\n<td style=\"text-align: center;\">X<\/td>\n<td style=\"text-align: center;\">X<\/td>\n<td style=\"text-align: center;\">X<\/td>\n<td style=\"text-align: center;\">X<\/td>\n<td style=\"text-align: center;\">X<\/td>\n<\/tr>\n<tr>\n<td><strong>75<\/strong><\/td>\n<td><\/td>\n<td style=\"text-align: center;\">X<\/td>\n<td style=\"text-align: center;\">X<\/td>\n<td style=\"text-align: center;\">X<\/td>\n<td style=\"text-align: center;\">X<\/td>\n<td style=\"text-align: center;\">X<\/td>\n<td style=\"text-align: center;\">X<\/td>\n<td style=\"text-align: center;\">X<\/td>\n<\/tr>\n<tr>\n<td><strong>100<\/strong><\/td>\n<td><\/td>\n<td><\/td>\n<td style=\"text-align: center;\">X<\/td>\n<td><\/td>\n<td style=\"text-align: center;\">X<\/td>\n<td><\/td>\n<td style=\"text-align: center;\">X<\/td>\n<td><\/td>\n<\/tr>\n<\/tbody>\n<\/table>\n<\/div>\n<p>A estos largos est\u00e1ndar deben a\u00f1adirse nuevas medidas como los 2,5m, o los que surgen de la demanda asi\u00e1tica de 3, 65 y 3, 95m. En cuanto a gruesos, esa demanda asi\u00e1tica provoca la aparici\u00f3n de los gruesos 42 y 47 mm.<\/p>\n<p>Las tolerancias dimensionales, medidas a la humedad del 20% son las siguientes:<\/p>\n<p><strong>Longitud<\/strong>: -0; + 0,05 m<\/p>\n<p><strong>Anchura y espesor<\/strong>: Hasta 100 mm: -1; +3 mm<\/p>\n<p style=\"padding-left: 160px;\">100 mm: -2; + 4 mm<\/p>\n<div class=\"fusion-separator fusion-has-icon fusion-full-width-sep\" style=\"align-self: center;margin-left: auto;margin-right: auto;margin-top:10px;margin-bottom:30px;width:100%;\"><div class=\"fusion-separator-border sep-single sep-solid\" style=\"--awb-height:20px;--awb-amount:20px;border-color:var(--awb-color2);border-top-width:1px;\"><\/div><span class=\"icon-wrapper\" style=\"border-color:transparent;font-size:16px;width: 1.75em; height: 1.75em;border-width:1px;padding:1px;margin-top:-0.5px\"><i class=\" fa fa-leaf\" style=\"font-size: inherit;color:var(--awb-color4);\" aria-hidden=\"true\"><\/i><\/span><div class=\"fusion-separator-border sep-single sep-solid\" style=\"--awb-height:20px;--awb-amount:20px;border-color:var(--awb-color2);border-top-width:1px;\"><\/div><\/div>\n<h2>Clasificaci\u00f3n<\/h2>\n<p>La clasificaci\u00f3n decorativa por calidad se realiza dividiendo la madera en siete calidades (I-VII), aunque en su comercializaci\u00f3n se efect\u00faa con las denominaciones siguientes que agrupan las calidades anteriores:<\/p>\n<ul>\n<li><strong>U\/S (\u201ccomo cae\u201d)<\/strong>: Comprende las cuatro calidades superiores (I-IV) La denominaci\u00f3n &#8220;comocae&#8221; responde al proceso de clasificaci\u00f3n en el que se separan las calidades superiores (V, VI y VII) dejando &#8220;caer&#8221; de sierra el resto de la madera. La proporci\u00f3n de calidades I a III es mayor en el pino que en el abeto. Las aplicaciones de la calidad &#8220;comocae&#8221; son t\u00edpicas de los perfiles para la fabricaci\u00f3n de ventanas, puertas, molduras, muebles, etc.<\/li>\n<li><strong>Quintas (V)<\/strong>: Esta calidad es adecuada para ser pintada y barnizada con su aspecto natural. \u00a0Las escuadr\u00edas peque\u00f1as se emplean en revestimientos exteriores, muebles, tarima. Las escuadr\u00edas grandes se utilizan en la construcci\u00f3n como elementos estructurales.<\/li>\n<li><strong>Sawfalling<\/strong> &#8211; No clasificada &#8211; Quintas y mejor: Bajo estas denominaciones se comercializan juntas las calidades U\/S y Quintas. La proporci\u00f3n de las categor\u00edas I a V var\u00eda seg\u00fan el aserradero.<\/li>\n<li><strong>Sextas (VI)<\/strong>: Es la calidad en la que el tama\u00f1o de los nudos ya no se limita y \u00fanicamente se exige una solidez general. La aplicaci\u00f3n caracter\u00edstica es en envases y plataformas de carga y en usos auxiliares de la construcci\u00f3n.<\/li>\n<li><strong>S\u00e9ptimas (VII)<\/strong>: Es una calidad que hasta hace pocos a\u00f1os solo se utilizaba en el mercado interior de los pa\u00edses escandinavos, pero que al entrar en la Uni\u00f3n Europea ese mercado se ha abierto al resto de los pa\u00edses, encontrado mercado en los productos auxiliares de la construcci\u00f3n, principalmente en encofrados.<\/li>\n<\/ul>\n<p>Adem\u00e1s de estas denominaciones, muchos aserraderos disponen de madera clasificada especialmente de acuerdo con las necesidades del cliente con una mezcla de diversas categor\u00edas.<\/p>\n<p><strong>\u00a0<\/strong><\/p>\n<p><strong>\u00a0<\/strong><\/div><\/div><\/div><\/div>\n","protected":false},"excerpt":{"rendered":"","protected":false},"author":1,"featured_media":0,"parent":918,"menu_order":0,"comment_status":"closed","ping_status":"closed","template":"","meta":{"footnotes":""},"class_list":["post-968","page","type-page","status-publish","hentry"],"_links":{"self":[{"href":"https:\/\/www.aeim.org\/index.php\/wp-json\/wp\/v2\/pages\/968","targetHints":{"allow":["GET"]}}],"collection":[{"href":"https:\/\/www.aeim.org\/index.php\/wp-json\/wp\/v2\/pages"}],"about":[{"href":"https:\/\/www.aeim.org\/index.php\/wp-json\/wp\/v2\/types\/page"}],"author":[{"embeddable":true,"href":"https:\/\/www.aeim.org\/index.php\/wp-json\/wp\/v2\/users\/1"}],"replies":[{"embeddable":true,"href":"https:\/\/www.aeim.org\/index.php\/wp-json\/wp\/v2\/comments?post=968"}],"version-history":[{"count":16,"href":"https:\/\/www.aeim.org\/index.php\/wp-json\/wp\/v2\/pages\/968\/revisions"}],"predecessor-version":[{"id":13080,"href":"https:\/\/www.aeim.org\/index.php\/wp-json\/wp\/v2\/pages\/968\/revisions\/13080"}],"up":[{"embeddable":true,"href":"https:\/\/www.aeim.org\/index.php\/wp-json\/wp\/v2\/pages\/918"}],"wp:attachment":[{"href":"https:\/\/www.aeim.org\/index.php\/wp-json\/wp\/v2\/media?parent=968"}],"curies":[{"name":"wp","href":"https:\/\/api.w.org\/{rel}","templated":true}]}}