{"id":1053,"date":"2016-10-03T16:04:29","date_gmt":"2016-10-03T16:04:29","guid":{"rendered":"https:\/\/www.aeim.org\/?page_id=1053"},"modified":"2024-09-10T22:09:33","modified_gmt":"2024-09-10T22:09:33","slug":"algunos-productos-de-madera-para-uso-estructural","status":"publish","type":"page","link":"https:\/\/www.aeim.org\/index.php\/usos-aplicaciones-carpinteria\/algunos-productos-de-madera-para-uso-estructural\/","title":{"rendered":"Algunos productos de madera para uso estructural"},"content":{"rendered":"<div class=\"fusion-fullwidth fullwidth-box fusion-builder-row-1 fusion-flex-container hundred-percent-fullwidth non-hundred-percent-height-scrolling\" style=\"--awb-border-radius-top-left:0px;--awb-border-radius-top-right:0px;--awb-border-radius-bottom-right:0px;--awb-border-radius-bottom-left:0px;--awb-overflow:visible;--awb-flex-wrap:wrap;\" ><div class=\"fusion-builder-row fusion-row fusion-flex-align-items-flex-start fusion-flex-content-wrap\" style=\"width:104% !important;max-width:104% !important;margin-left: calc(-4% \/ 2 );margin-right: calc(-4% \/ 2 );\"><div class=\"fusion-layout-column fusion_builder_column fusion-builder-column-0 fusion_builder_column_1_1 1_1 fusion-flex-column fusion-flex-align-self-flex-start fusion-column-no-min-height\" style=\"--awb-bg-size:cover;--awb-width-large:100%;--awb-margin-top-large:0px;--awb-spacing-right-large:1.92%;--awb-margin-bottom-large:16px;--awb-spacing-left-large:1.92%;--awb-width-medium:100%;--awb-order-medium:0;--awb-spacing-right-medium:1.92%;--awb-spacing-left-medium:1.92%;--awb-width-small:100%;--awb-order-small:0;--awb-spacing-right-small:1.92%;--awb-spacing-left-small:1.92%;\" data-scroll-devices=\"small-visibility,medium-visibility,large-visibility\"><div class=\"fusion-column-wrapper fusion-column-has-shadow fusion-flex-justify-content-flex-start fusion-content-layout-column\"><div class=\"fusion-title title fusion-title-1 fusion-sep-none fusion-title-text fusion-title-size-three\" style=\"--awb-margin-top-small:10px;--awb-margin-right-small:0px;--awb-margin-bottom-small:10px;--awb-margin-left-small:0px;--awb-sep-color:var(--awb-color3);\"><h3 class=\"fusion-title-heading title-heading-left fusion-responsive-typography-calculated\" style=\"margin:0;--fontSize:28;line-height:1.24;\">Madera aserrada estructural<\/h3><\/div><div class=\"fusion-text fusion-text-1\"><ul>\n<li><img decoding=\"async\" class=\"lazyload wp-image-1080 size-full alignright\" style=\"margin-left: 30px;\" src=\"https:\/\/www.aeim.org\/wp-content\/uploads\/2016\/10\/estructural.jpg\" data-orig-src=\"https:\/\/www.aeim.org\/wp-content\/uploads\/2016\/10\/estructural.jpg\" alt=\"Vigas de Roble para la rehabilitaci\u00f3n de la catedral de Vitoria. Foto Garcia Varona.\" width=\"450\" height=\"253\" srcset=\"data:image\/svg+xml,%3Csvg%20xmlns%3D%27http%3A%2F%2Fwww.w3.org%2F2000%2Fsvg%27%20width%3D%27450%27%20height%3D%27253%27%20viewBox%3D%270%200%20450%20253%27%3E%3Crect%20width%3D%27450%27%20height%3D%27253%27%20fill-opacity%3D%220%22%2F%3E%3C%2Fsvg%3E\" data-srcset=\"https:\/\/www.aeim.org\/wp-content\/uploads\/2016\/10\/estructural-200x112.jpg 200w, https:\/\/www.aeim.org\/wp-content\/uploads\/2016\/10\/estructural-300x169.jpg 300w, https:\/\/www.aeim.org\/wp-content\/uploads\/2016\/10\/estructural-400x225.jpg 400w, https:\/\/www.aeim.org\/wp-content\/uploads\/2016\/10\/estructural.jpg 450w\" data-sizes=\"auto\" data-orig-sizes=\"(max-width: 450px) 100vw, 450px\" \/>Son piezas de madera aserrada de secci\u00f3n rectangular que se comercializan clasificadas estructuralmente por alguno de los m\u00e9todos reconocidos en la normativa (EN 14081-1y2)<\/li>\n<li>Las dimensiones habituales en longitud: hasta 9 m (y hasta 12 bajo encargo).<\/li>\n<li>Se deben emplear maderas amparadas por la normativa europea UNE-EN 1912.<\/li>\n<li>Las clases resistentes figuran en la norma EN 338: 2010.<\/li>\n<li>Se exige el marcado CE.<\/li>\n<li>Este producto se utiliza con frecuencia en obras de rehabilitaci\u00f3n.<\/li>\n<\/ul>\n<\/div><\/div><\/div><div class=\"fusion-layout-column fusion_builder_column fusion-builder-column-1 fusion_builder_column_1_1 1_1 fusion-flex-column fusion-flex-align-self-flex-start fusion-column-no-min-height\" style=\"--awb-bg-size:cover;--awb-width-large:100%;--awb-margin-top-large:16px;--awb-spacing-right-large:1.92%;--awb-margin-bottom-large:16px;--awb-spacing-left-large:1.92%;--awb-width-medium:100%;--awb-order-medium:0;--awb-spacing-right-medium:1.92%;--awb-spacing-left-medium:1.92%;--awb-width-small:100%;--awb-order-small:0;--awb-spacing-right-small:1.92%;--awb-spacing-left-small:1.92%;\" data-scroll-devices=\"small-visibility,medium-visibility,large-visibility\"><div class=\"fusion-column-wrapper fusion-column-has-shadow fusion-flex-justify-content-flex-start fusion-content-layout-column\"><div class=\"fusion-title title fusion-title-2 fusion-sep-none fusion-title-text fusion-title-size-three\" style=\"--awb-margin-top-small:10px;--awb-margin-right-small:0px;--awb-margin-bottom-small:10px;--awb-margin-left-small:0px;\"><h3 class=\"fusion-title-heading title-heading-left fusion-responsive-typography-calculated\" style=\"margin:0;--fontSize:28;line-height:1.24;\">Madera laminada encolada<\/h3><\/div><div class=\"fusion-text fusion-text-2\"><p><strong>Dimensiones<\/strong><\/p>\n<ul>\n<li>Anchura: hasta 220 mm<\/li>\n<li>Altura: hasta 2300 mm<\/li>\n<li>Largos: Hasta 40 m (limitaci\u00f3n de transporte)<\/li>\n<\/ul>\n<p><strong>Especies de madera<\/strong>: T\u00edpicamente abeto, pino, P. Oreg\u00f3n, casta\u00f1o.<\/p>\n<p><strong>Calidad de encolado<\/strong><\/p>\n<p>Estandar: CS1 y CS2 \u00a0&#8211;\u00a0Especial: CS3<br \/>\nCU 3.1: Autoclave<br \/>\nCU 3.2: L\u00e1minas de pino tratadas en autoclave<\/p>\n<\/div><\/div><\/div><div class=\"fusion-layout-column fusion_builder_column fusion-builder-column-2 fusion_builder_column_1_1 1_1 fusion-flex-column fusion-flex-align-self-flex-start fusion-column-no-min-height\" style=\"--awb-bg-size:cover;--awb-width-large:100%;--awb-margin-top-large:16px;--awb-spacing-right-large:1.92%;--awb-margin-bottom-large:16px;--awb-spacing-left-large:1.92%;--awb-width-medium:100%;--awb-order-medium:0;--awb-spacing-right-medium:1.92%;--awb-spacing-left-medium:1.92%;--awb-width-small:100%;--awb-order-small:0;--awb-spacing-right-small:1.92%;--awb-spacing-left-small:1.92%;\" data-scroll-devices=\"small-visibility,medium-visibility,large-visibility\"><div class=\"fusion-column-wrapper fusion-column-has-shadow fusion-flex-justify-content-flex-start fusion-content-layout-column\"><div class=\"fusion-title title fusion-title-3 fusion-sep-none fusion-title-text fusion-title-size-three\" style=\"--awb-margin-top-small:10px;--awb-margin-right-small:0px;--awb-margin-bottom-small:10px;--awb-margin-left-small:0px;\"><h3 class=\"fusion-title-heading title-heading-left fusion-responsive-typography-calculated\" style=\"margin:0;--fontSize:28;line-height:1.24;\">Productos t\u00e9cnicos<\/h3><\/div><div class=\"fusion-text fusion-text-3\"><h4>Madera aserrada empalmada (fingerjointed) longitudinalmente (KVH)<\/h4>\n<div id=\"attachment_1064\" style=\"width: 124px\" class=\"wp-caption alignleft\"><img decoding=\"async\" aria-describedby=\"caption-attachment-1064\" class=\"lazyload size-full wp-image-1064\" style=\"margin-right: 30px;\" src=\"data:image\/svg+xml,%3Csvg%20xmlns%3D%27http%3A%2F%2Fwww.w3.org%2F2000%2Fsvg%27%20width%3D%27114%27%20height%3D%27135%27%20viewBox%3D%270%200%20114%20135%27%3E%3Crect%20width%3D%27114%27%20height%3D%27135%27%20fill-opacity%3D%220%22%2F%3E%3C%2Fsvg%3E\" data-orig-src=\"https:\/\/www.aeim.org\/wp-content\/uploads\/2016\/10\/aserrada-empalmada.png\" alt=\"aserrada-empalmada\" width=\"114\" height=\"135\" \/><p id=\"caption-attachment-1064\" class=\"wp-caption-text\">Dibujo esquema: J. Fern\u00e1ndez-Golf\u00edn. INIA.<\/p><\/div>\n<p>Se pueden definir como piezas rectas de secci\u00f3n rectangular obtenidas por empalme longitudinal de piezas de madera aserrada clasificada estructuralmente.<\/p>\n<p><strong>Secciones t\u00edpicas:<\/strong> 60&#215;100 mm a 140&#215;240 mm<br \/>\n<strong>Largos habituales:<\/strong> Hasta 12-16 metros<br \/>\n<strong>Especies habituales:<\/strong> Picea, abeto blanco, pino, alerce o abeto Douglas<\/p>\n<\/div><div class=\"fusion-text fusion-text-4\"><h3><div class=\"fusion-separator fusion-full-width-sep\" style=\"align-self: center;margin-left: auto;margin-right: auto;margin-top:10px;margin-bottom:10px;width:100%;\"><\/div>Madera aserrada laminada (D\u00faos, tr\u00edos,&#8230;)<\/h3>\n<p><strong>Secciones t\u00edpicas<\/strong>: desde 80 x 140 m\u00e1x. 240&#215;280 mm<br \/>\n<strong>Largos habituales:<\/strong> Hasta 26 metros<br \/>\n<strong>Especies habituales<\/strong>: Picea, abeto blanco, pino, alerce o abeto Douglas<\/p>\n<div id=\"attachment_1065\" style=\"width: 456px\" class=\"wp-caption alignnone\"><img decoding=\"async\" aria-describedby=\"caption-attachment-1065\" class=\"lazyload size-full wp-image-1065\" src=\"https:\/\/www.aeim.org\/wp-content\/uploads\/2016\/10\/aserrada-laminada.png\" data-orig-src=\"https:\/\/www.aeim.org\/wp-content\/uploads\/2016\/10\/aserrada-laminada.png\" alt=\"aserrada-laminada\" width=\"446\" height=\"158\" srcset=\"data:image\/svg+xml,%3Csvg%20xmlns%3D%27http%3A%2F%2Fwww.w3.org%2F2000%2Fsvg%27%20width%3D%27446%27%20height%3D%27158%27%20viewBox%3D%270%200%20446%20158%27%3E%3Crect%20width%3D%27446%27%20height%3D%27158%27%20fill-opacity%3D%220%22%2F%3E%3C%2Fsvg%3E\" data-srcset=\"https:\/\/www.aeim.org\/wp-content\/uploads\/2016\/10\/aserrada-laminada-200x71.png 200w, https:\/\/www.aeim.org\/wp-content\/uploads\/2016\/10\/aserrada-laminada-300x106.png 300w, https:\/\/www.aeim.org\/wp-content\/uploads\/2016\/10\/aserrada-laminada-400x142.png 400w, https:\/\/www.aeim.org\/wp-content\/uploads\/2016\/10\/aserrada-laminada.png 446w\" data-sizes=\"auto\" data-orig-sizes=\"(max-width: 446px) 100vw, 446px\" \/><p id=\"caption-attachment-1065\" class=\"wp-caption-text\">Dibujo esquema: J. Fern\u00e1ndez-Golf\u00edn. INIA.<\/p><\/div>\n<\/div><\/div><\/div><div class=\"fusion-layout-column fusion_builder_column fusion-builder-column-3 fusion_builder_column_1_1 1_1 fusion-flex-column fusion-flex-align-self-flex-start fusion-column-no-min-height\" style=\"--awb-bg-size:cover;--awb-width-large:100%;--awb-margin-top-large:16px;--awb-spacing-right-large:1.92%;--awb-margin-bottom-large:16px;--awb-spacing-left-large:1.92%;--awb-width-medium:100%;--awb-order-medium:0;--awb-spacing-right-medium:1.92%;--awb-spacing-left-medium:1.92%;--awb-width-small:100%;--awb-order-small:0;--awb-spacing-right-small:1.92%;--awb-spacing-left-small:1.92%;\" data-scroll-devices=\"small-visibility,medium-visibility,large-visibility\"><div class=\"fusion-column-wrapper fusion-column-has-shadow fusion-flex-justify-content-flex-start fusion-content-layout-column\"><div class=\"fusion-title title fusion-title-4 fusion-sep-none fusion-title-text fusion-title-size-three\" style=\"--awb-margin-top-small:10px;--awb-margin-right-small:0px;--awb-margin-bottom-small:10px;--awb-margin-left-small:0px;\"><h3 class=\"fusion-title-heading title-heading-left fusion-responsive-typography-calculated\" style=\"margin:0;--fontSize:28;line-height:1.24;\">Perfiles estructurales de madera microlaminada (LVL)<\/h3><\/div><div class=\"fusion-text fusion-text-5\"><p>Se pueden definir como piezas rectas de secci\u00f3n rectangular obtenidas por empalme longitudinal de piezas de madera aserrada clasificada estructuralmente.<\/p>\n<p><strong>Dimensiones<\/strong><\/p>\n<ul>\n<li>Espesores (Canto):20-75 mm<\/li>\n<li>Anchuras (Cara): 1800-2500 mm<\/li>\n<li>Longitudes: hasta 23 m<\/li>\n<\/ul>\n<p><strong>Especies de madera:<\/strong> Sobre todo con\u00edferas y tambi\u00e9n haya.<\/p>\n<p><strong>Calidades de encolado<\/strong>: CS1\/CS2\/CS3<\/p>\n<\/div><\/div><\/div><\/div><\/div>\n","protected":false},"excerpt":{"rendered":"","protected":false},"author":1,"featured_media":0,"parent":1013,"menu_order":0,"comment_status":"closed","ping_status":"closed","template":"","meta":{"footnotes":""},"class_list":["post-1053","page","type-page","status-publish","hentry"],"_links":{"self":[{"href":"https:\/\/www.aeim.org\/index.php\/wp-json\/wp\/v2\/pages\/1053","targetHints":{"allow":["GET"]}}],"collection":[{"href":"https:\/\/www.aeim.org\/index.php\/wp-json\/wp\/v2\/pages"}],"about":[{"href":"https:\/\/www.aeim.org\/index.php\/wp-json\/wp\/v2\/types\/page"}],"author":[{"embeddable":true,"href":"https:\/\/www.aeim.org\/index.php\/wp-json\/wp\/v2\/users\/1"}],"replies":[{"embeddable":true,"href":"https:\/\/www.aeim.org\/index.php\/wp-json\/wp\/v2\/comments?post=1053"}],"version-history":[{"count":26,"href":"https:\/\/www.aeim.org\/index.php\/wp-json\/wp\/v2\/pages\/1053\/revisions"}],"predecessor-version":[{"id":13454,"href":"https:\/\/www.aeim.org\/index.php\/wp-json\/wp\/v2\/pages\/1053\/revisions\/13454"}],"up":[{"embeddable":true,"href":"https:\/\/www.aeim.org\/index.php\/wp-json\/wp\/v2\/pages\/1013"}],"wp:attachment":[{"href":"https:\/\/www.aeim.org\/index.php\/wp-json\/wp\/v2\/media?parent=1053"}],"curies":[{"name":"wp","href":"https:\/\/api.w.org\/{rel}","templated":true}]}}