{"id":1017,"date":"2016-10-03T12:46:42","date_gmt":"2016-10-03T12:46:42","guid":{"rendered":"https:\/\/www.aeim.org\/?page_id=1017"},"modified":"2024-08-12T10:22:23","modified_gmt":"2024-08-12T10:22:23","slug":"carpinteria-ventanas-de-madera","status":"publish","type":"page","link":"https:\/\/www.aeim.org\/index.php\/usos-aplicaciones-carpinteria\/carpinteria-ventanas-de-madera\/","title":{"rendered":"Carpinter\u00eda: Ventanas de Madera"},"content":{"rendered":"<div class=\"fusion-fullwidth fullwidth-box fusion-builder-row-1 fusion-flex-container hundred-percent-fullwidth non-hundred-percent-height-scrolling\" style=\"--awb-border-radius-top-left:0px;--awb-border-radius-top-right:0px;--awb-border-radius-bottom-right:0px;--awb-border-radius-bottom-left:0px;--awb-overflow:visible;--awb-flex-wrap:wrap;\" ><div class=\"fusion-builder-row fusion-row fusion-flex-align-items-flex-start fusion-flex-content-wrap\" style=\"width:calc( 100% + 0px ) !important;max-width:calc( 100% + 0px ) !important;margin-left: calc(-0px \/ 2 );margin-right: calc(-0px \/ 2 );\"><div class=\"fusion-layout-column fusion_builder_column fusion-builder-column-0 fusion_builder_column_1_1 1_1 fusion-flex-column fusion-flex-align-self-flex-start fusion-column-no-min-height\" style=\"--awb-bg-size:cover;--awb-width-large:100%;--awb-margin-top-large:0px;--awb-spacing-right-large:0px;--awb-margin-bottom-large:0px;--awb-spacing-left-large:0px;--awb-width-medium:100%;--awb-spacing-right-medium:0px;--awb-spacing-left-medium:0px;--awb-width-small:100%;--awb-spacing-right-small:0px;--awb-spacing-left-small:0px;\"><div class=\"fusion-column-wrapper fusion-flex-justify-content-flex-start fusion-content-layout-column\"><div class=\"fusion-text fusion-text-1\"><h2>Ventajas<\/h2>\n<p><strong>Ahorro econ\u00f3mico<\/strong>: ligado a la eficiencia energ\u00e9tica, la ventana de madera es muy competente respecto a niveles de p\u00e9rdida de energ\u00eda, principalmente calor\u00edfica, es decir, la transmisi\u00f3n de calor entre un lugar c\u00e1lido y un lugar fr\u00edo es m\u00e1s f\u00e1cil de minimizar que en sus materiales competidores (aluminio y PVC), ya que la madera resulta el material aislante por naturaleza, cuya estructura interna porosa y llena de aire supone el mejor aislante t\u00e9rmico y ac\u00fastico.<\/p>\n<p><strong>Calidez y bienestar<\/strong>: propios e intr\u00ednsecos del material. A\u00fana belleza y biotecnolog\u00eda.<\/p>\n<p><strong>Salud:<\/strong> mejor respuesta al fuego que el aluminio y el PVC, produciendo adem\u00e1s, en caso de combusti\u00f3n, gases no tan t\u00f3xicos como los desprendidos por el PVC.<\/p>\n<p><strong>Seguridad:<\/strong> En comparaci\u00f3n con el aluminio, en caso de incendio no sufre deformaciones, y dada la combusti\u00f3n lenta de la madera, mantiene sus propiedades estructurales un mayor tiempo.<\/p>\n<h2>Normativa b\u00e1sica<\/h2>\n<h3>C\u00f3digo t\u00e9cnico de la edificaci\u00f3n<\/h3>\n<ul>\n<li>Documento B\u00e1sico HS. Salubridad.<\/li>\n<li>Documento B\u00e1sico HE. Ahorro de Energ\u00eda<\/li>\n<li>Documento B\u00e1sico HR. Protecci\u00f3n frente al ruido<\/li>\n<\/ul>\n<h3>Marcado CE<\/h3>\n<ul>\n<li>El marcado CE es obligatorio para las ventanas de madera.<\/li>\n<li>Viene establecido en Espa\u00f1a mediante la norma armonizada UNE-EN 14351-1\/2006 y su ANEXO ZA, aplicada a ventanas y puertas peatonales exteriores.<\/li>\n<\/ul>\n<p><em>Fuente: ASOMA (Asoc. Espa\u00f1ola de Fabricantes de Ventanas de madera) <\/em><\/p>\n<p><a href=\"http:\/\/www.asomatealaventana.org\/\" target=\"_blank\" rel=\"noopener\">www.asomatealaventana.org<\/a><\/p>\n<\/div><\/div><\/div><\/div><\/div>\n","protected":false},"excerpt":{"rendered":"","protected":false},"author":1,"featured_media":0,"parent":1013,"menu_order":0,"comment_status":"closed","ping_status":"closed","template":"","meta":{"footnotes":""},"class_list":["post-1017","page","type-page","status-publish","hentry"],"_links":{"self":[{"href":"https:\/\/www.aeim.org\/index.php\/wp-json\/wp\/v2\/pages\/1017","targetHints":{"allow":["GET"]}}],"collection":[{"href":"https:\/\/www.aeim.org\/index.php\/wp-json\/wp\/v2\/pages"}],"about":[{"href":"https:\/\/www.aeim.org\/index.php\/wp-json\/wp\/v2\/types\/page"}],"author":[{"embeddable":true,"href":"https:\/\/www.aeim.org\/index.php\/wp-json\/wp\/v2\/users\/1"}],"replies":[{"embeddable":true,"href":"https:\/\/www.aeim.org\/index.php\/wp-json\/wp\/v2\/comments?post=1017"}],"version-history":[{"count":7,"href":"https:\/\/www.aeim.org\/index.php\/wp-json\/wp\/v2\/pages\/1017\/revisions"}],"predecessor-version":[{"id":13076,"href":"https:\/\/www.aeim.org\/index.php\/wp-json\/wp\/v2\/pages\/1017\/revisions\/13076"}],"up":[{"embeddable":true,"href":"https:\/\/www.aeim.org\/index.php\/wp-json\/wp\/v2\/pages\/1013"}],"wp:attachment":[{"href":"https:\/\/www.aeim.org\/index.php\/wp-json\/wp\/v2\/media?parent=1017"}],"curies":[{"name":"wp","href":"https:\/\/api.w.org\/{rel}","templated":true}]}}