{"id":1013,"date":"2016-10-03T12:24:04","date_gmt":"2016-10-03T12:24:04","guid":{"rendered":"https:\/\/www.aeim.org\/?page_id=1013"},"modified":"2024-09-10T21:54:20","modified_gmt":"2024-09-10T21:54:20","slug":"usos-aplicaciones-carpinteria","status":"publish","type":"page","link":"https:\/\/www.aeim.org\/index.php\/usos-aplicaciones-carpinteria\/","title":{"rendered":"Carpinter\u00eda: Puertas de madera"},"content":{"rendered":"<h3>Aplicaciones<\/h3>\n<p>Las puertas de madera se emplean en todos los \u00e1mbitos: construcci\u00f3n residencial, oficinas y comercios.<\/p>\n<p>Al margen de la puerta est\u00e1ndar de madera, existen puertas especiales: resistentes al fuego, de seguridad o resistentes a la efracci\u00f3n, ac\u00fasticas, resistentes a los rayos X, etc.<\/p>\n<h3>Dimensiones<\/h3>\n<p>En Espa\u00f1a existe desde hace a\u00f1os una modulaci\u00f3n de medidas que facilita el dise\u00f1o y la fabricaci\u00f3n a stock pero no es obligatoria, pudiendo cambiarse cuando el proyecto lo requiera (dise\u00f1os especiales o rehabilitaci\u00f3n, por ejemplo).<\/p>\n<p>Las puertas se pueden medir por m2 o por unidad. Las hojas se miden por unidades y los perfiles (cerco, premarco, tapajuntas) por metro lineal.<\/p>\n<h3>Dimensiones de las hojas<\/h3>\n<p>Las tablas con las dimensiones de las hojas normalizadas vienen establecidad en la norma UNE 56.803, seg\u00fan el tipo de puerta.<\/p>\n<h3>Marcado\u00a0CE<\/h3>\n<p>Desde\u00a0 1 de febrero de 2010, es obligatorio el marcado CE de puertas exteriores peatonales. El marcado CE afecta a los productos terminados pero no afecta a la instalaci\u00f3n.<\/p>\n<h4>Puertas exteriores peatonales<\/h4>\n<p>El sistema de evaluaci\u00f3n de la conformidad de este tipo de puertas es el 3.<\/p>\n<h4>Puertas de interior<\/h4>\n<p>Los sistemas de evaluaci\u00f3n de la conformidad definidos en el \u00faltimo borrador son:<\/p>\n<ul>\n<li>Sistema 3 : para las puertas a las que se les exija una prestaci\u00f3n espec\u00edfica de ac\u00fastica, aislamiento t\u00e9rmico, permeabilidad al aire o seguridad de uso.<\/li>\n<li>Sistema 4: para las puertas de comunicaci\u00f3n.<\/li>\n<\/ul>\n<p>En el sistema 4 el fabricante puede realizar \u00e9l mismo los ensayos iniciales de tipo, mientras que en el sistema 3 tienen que realizarse en laboratorios notificados. En ambos casos junto a los ensayos iniciales de tipo, el fabricante debe disponer de:<\/p>\n<ul>\n<li>Manual de control de la producci\u00f3n.<\/li>\n<li>Declaraci\u00f3n de conformidad.<\/li>\n<\/ul>\n<p>El marcado CE estar\u00e1 puesto f\u00edsicamente en cada puerta o acompa\u00f1ando a la documentaci\u00f3n de las puertas suministradas.<\/p>\n<h3>C\u00f3digo t\u00e9cnico de la edificaci\u00f3n<\/h3>\n<p>Documentos b\u00e1sicos que establecen las exigencias para las puertas de exterior y de interior:<\/p>\n<ul>\n<li>DB SU: Seguridad de utilizaci\u00f3n.\n<ul>\n<li>DB SU 2: Seguridad frente al riesgo de impacto o de atropamiento(2).<\/li>\n<\/ul>\n<\/li>\n<li>DB HS: Salubridad\n<ul>\n<li>DB HS 3: Calidad del aire interior<\/li>\n<\/ul>\n<\/li>\n<li>\u00a0DB HE: Ahorro de energ\u00eda\n<ul>\n<li>DB HE 1: Limitaci\u00f3n de demanda energ\u00e9tica.<\/li>\n<\/ul>\n<\/li>\n<li>DB- SI: Seguridad en caso de incendio<\/li>\n<\/ul>\n<p>En funci\u00f3n del lugar donde se instalen las puertas, se exigir\u00e1 la resistencia al fuego que le corresponda.<\/p>\n<p><em>(Fuente: AITIM. Gu\u00eda de la Madera (I). Productos b\u00e1sicos y carpinter\u00eda)<\/em><\/p>\n","protected":false},"excerpt":{"rendered":"<p>Aplicaciones Las puertas de madera se emplean en todos los  [&#8230;]<\/p>\n","protected":false},"author":1,"featured_media":0,"parent":0,"menu_order":0,"comment_status":"closed","ping_status":"closed","template":"","meta":{"footnotes":""},"class_list":["post-1013","page","type-page","status-publish","hentry"],"_links":{"self":[{"href":"https:\/\/www.aeim.org\/index.php\/wp-json\/wp\/v2\/pages\/1013","targetHints":{"allow":["GET"]}}],"collection":[{"href":"https:\/\/www.aeim.org\/index.php\/wp-json\/wp\/v2\/pages"}],"about":[{"href":"https:\/\/www.aeim.org\/index.php\/wp-json\/wp\/v2\/types\/page"}],"author":[{"embeddable":true,"href":"https:\/\/www.aeim.org\/index.php\/wp-json\/wp\/v2\/users\/1"}],"replies":[{"embeddable":true,"href":"https:\/\/www.aeim.org\/index.php\/wp-json\/wp\/v2\/comments?post=1013"}],"version-history":[{"count":6,"href":"https:\/\/www.aeim.org\/index.php\/wp-json\/wp\/v2\/pages\/1013\/revisions"}],"predecessor-version":[{"id":13451,"href":"https:\/\/www.aeim.org\/index.php\/wp-json\/wp\/v2\/pages\/1013\/revisions\/13451"}],"wp:attachment":[{"href":"https:\/\/www.aeim.org\/index.php\/wp-json\/wp\/v2\/media?parent=1013"}],"curies":[{"name":"wp","href":"https:\/\/api.w.org\/{rel}","templated":true}]}}